{"id":36,"date":"2023-01-23T11:05:02","date_gmt":"2023-01-23T10:05:02","guid":{"rendered":"https:\/\/www.xn--frderverein-htten-zzb0k.de\/?page_id=36"},"modified":"2023-07-18T09:26:43","modified_gmt":"2023-07-18T07:26:43","slug":"kontakt-impressum","status":"publish","type":"page","link":"https:\/\/www.f\u00f6rderverein-h\u00fctten.de\/?page_id=36","title":{"rendered":"kontakt\/impressum"},"content":{"rendered":"\t\t<div data-elementor-type=\"wp-page\" data-elementor-id=\"36\" class=\"elementor elementor-36\" data-elementor-post-type=\"page\">\n\t\t\t\t\t\t\t\t\t<section class=\"elementor-section elementor-top-section elementor-element elementor-element-59d19521 elementor-section-boxed elementor-section-height-default elementor-section-height-default\" data-id=\"59d19521\" data-element_type=\"section\">\n\t\t\t\t\t\t<div class=\"elementor-container elementor-column-gap-default\">\n\t\t\t\t\t<div class=\"elementor-column elementor-col-100 elementor-top-column elementor-element elementor-element-6f34d37\" data-id=\"6f34d37\" data-element_type=\"column\">\n\t\t\t<div class=\"elementor-widget-wrap elementor-element-populated\">\n\t\t\t\t\t\t\t\t<div class=\"elementor-element elementor-element-1e074049 elementor-widget elementor-widget-heading\" data-id=\"1e074049\" data-element_type=\"widget\" data-widget_type=\"heading.default\">\n\t\t\t\t<div class=\"elementor-widget-container\">\n\t\t\t<style>\/*! elementor - v3.14.0 - 26-06-2023 *\/\n.elementor-heading-title{padding:0;margin:0;line-height:1}.elementor-widget-heading .elementor-heading-title[class*=elementor-size-]>a{color:inherit;font-size:inherit;line-height:inherit}.elementor-widget-heading .elementor-heading-title.elementor-size-small{font-size:15px}.elementor-widget-heading .elementor-heading-title.elementor-size-medium{font-size:19px}.elementor-widget-heading .elementor-heading-title.elementor-size-large{font-size:29px}.elementor-widget-heading .elementor-heading-title.elementor-size-xl{font-size:39px}.elementor-widget-heading .elementor-heading-title.elementor-size-xxl{font-size:59px}<\/style><h2 class=\"elementor-heading-title elementor-size-default\">Einkehrm\u00f6glichkeiten: <\/h2>\t\t<\/div>\n\t\t\t\t<\/div>\n\t\t\t\t<div class=\"elementor-element elementor-element-db4375f elementor-widget elementor-widget-text-editor\" data-id=\"db4375f\" data-element_type=\"widget\" data-widget_type=\"text-editor.default\">\n\t\t\t\t<div class=\"elementor-widget-container\">\n\t\t\t<style>\/*! elementor - v3.14.0 - 26-06-2023 *\/\n.elementor-widget-text-editor.elementor-drop-cap-view-stacked .elementor-drop-cap{background-color:#69727d;color:#fff}.elementor-widget-text-editor.elementor-drop-cap-view-framed .elementor-drop-cap{color:#69727d;border:3px solid;background-color:transparent}.elementor-widget-text-editor:not(.elementor-drop-cap-view-default) .elementor-drop-cap{margin-top:8px}.elementor-widget-text-editor:not(.elementor-drop-cap-view-default) .elementor-drop-cap-letter{width:1em;height:1em}.elementor-widget-text-editor .elementor-drop-cap{float:left;text-align:center;line-height:1;font-size:50px}.elementor-widget-text-editor .elementor-drop-cap-letter{display:inline-block}<\/style>\t\t\t\t<p>Gasthof B\u00e4ren H\u00fctten <br \/>Telefon: 07384 952083<\/p>\t\t\t\t\t\t<\/div>\n\t\t\t\t<\/div>\n\t\t\t\t<div class=\"elementor-element elementor-element-237febd elementor-widget elementor-widget-heading\" data-id=\"237febd\" data-element_type=\"widget\" data-widget_type=\"heading.default\">\n\t\t\t\t<div class=\"elementor-widget-container\">\n\t\t\t<h2 class=\"elementor-heading-title elementor-size-default\">Kontakt \/ Impressum<\/h2>\t\t<\/div>\n\t\t\t\t<\/div>\n\t\t\t\t<div class=\"elementor-element elementor-element-778ebd3 elementor-widget elementor-widget-heading\" data-id=\"778ebd3\" data-element_type=\"widget\" data-widget_type=\"heading.default\">\n\t\t\t\t<div class=\"elementor-widget-container\">\n\t\t\t<h2 class=\"elementor-heading-title elementor-size-default\">F\u00f6rderverein H\u00fctten e.V. f\u00fcr Heimatpflege und Kultur<\/h2>\t\t<\/div>\n\t\t\t\t<\/div>\n\t\t\t\t<div class=\"elementor-element elementor-element-71ef984b elementor-widget elementor-widget-text-editor\" data-id=\"71ef984b\" data-element_type=\"widget\" data-widget_type=\"text-editor.default\">\n\t\t\t\t<div class=\"elementor-widget-container\">\n\t\t\t\t\t\t\t<p>M\u00fchlwiesen 4<br \/>89601 Schelklingen<br \/>E-Mail: max.raiber@t-online.de<\/p><p><strong>Ansprechpartner hierzu sind in H\u00fctten:<br \/><\/strong><br \/><strong>H\u00fctten Ortsvorsteher:<\/strong> <br \/>Steffan Tress, Tel. 07384 952595<br \/><strong>F\u00f6rderverein Vorst\u00e4nde:<\/strong> <br \/>Max Raiber, Tel. 07384 370<br \/>Roland Deschler, Tel. 07384 9598445<br \/>Heinz Sp\u00e4th, Tel. 07384 952242<br \/><br \/><\/p><p><strong>Ansprechpartner hierzu sind in Justingen:<br \/><\/strong><br \/>Josef \u00d6chsner 07384 229<br \/>Hans Auchter 07384 214<br \/>Tourismusb\u00fcro Stadt Schelklingen, Tel. 07394 248 17<br \/><br \/><\/p><p><a href=\"https:\/\/www.xn--frderverein-htten-zzb0k.de\/?page_id=86\">&gt;&gt; zum Datenschutz<\/a><\/p><p>Webdesign: <a href=\"http:\/\/www.buchstaben-mehr.de\" target=\"_blank\" rel=\"noopener\">www.buchstaben-mehr.de<\/a><\/p><p>Disclaimer:<br \/>F\u00fcr den Inhalt, der von dieser Seite per Link erreichbaren Webinhalte sind ausschlie\u00dflich die jeweiligen Betreiber selbst verantwortlich und haftbar.<\/p><p>Haftung f\u00fcr Inhalte<br \/>Die Inhalte dieser Seiten werden mit gr\u00f6\u00dfter Sorgfalt erstellt. F\u00fcr Richtigkeit, Vollst\u00e4ndigkeit und Aktualit\u00e4t dieser Inhalte kann jedoch keine Haftung \u00fcbernommen werden. Schon die Tatsache, dass sich das Recht und Technologien weiter entwickeln f\u00fchrt dazu, dass Informationen nach einiger Zeit veraltet, unrichtig oder widerspr\u00fcchlich sein k\u00f6nnen.<\/p><p>Haftung f\u00fcr Links<br \/>Die aufgef\u00fchrten externen Links f\u00fchren zu Inhalten fremder Anbieter. F\u00fcr diese Inhalte ist allein der jeweilige Anbieter verantwortlich. Bei bekannt werden von Rechtsverletzungen werden diese Links umgehend entfernt.<\/p>\t\t\t\t\t\t<\/div>\n\t\t\t\t<\/div>\n\t\t\t\t\t<\/div>\n\t\t<\/div>\n\t\t\t\t\t\t\t<\/div>\n\t\t<\/section>\n\t\t\t\t\t\t\t<\/div>\n\t\t","protected":false},"excerpt":{"rendered":"<p>Einkehrm\u00f6glichkeiten: Gasthof B\u00e4ren H\u00fctten Telefon: 07384 952083 Kontakt \/ Impressum F\u00f6rderverein H\u00fctten e.V. f\u00fcr Heimatpflege und Kultur M\u00fchlwiesen 489601 SchelklingenE-Mail: max.raiber@t-online.de Ansprechpartner hierzu sind in H\u00fctten:H\u00fctten Ortsvorsteher: Steffan Tress, Tel. 07384 952595F\u00f6rderverein Vorst\u00e4nde: Max Raiber, Tel. 07384 370Roland Deschler, Tel. 07384 9598445Heinz Sp\u00e4th, Tel. 07384 952242 Ansprechpartner hierzu sind in Justingen:Josef \u00d6chsner 07384 229Hans Auchter &hellip;<\/p>\n<p class=\"read-more\"> <a class=\"\" href=\"https:\/\/www.f\u00f6rderverein-h\u00fctten.de\/?page_id=36\"> <span class=\"screen-reader-text\">kontakt\/impressum<\/span> Weiterlesen &raquo;<\/a><\/p>\n","protected":false},"author":1,"featured_media":0,"parent":0,"menu_order":0,"comment_status":"closed","ping_status":"closed","template":"","meta":{"site-sidebar-layout":"no-sidebar","site-content-layout":"page-builder","ast-global-header-display":"","ast-main-header-display":"","ast-hfb-above-header-display":"","ast-hfb-below-header-display":"","ast-hfb-mobile-header-display":"","site-post-title":"disabled","ast-breadcrumbs-content":"","ast-featured-img":"disabled","footer-sml-layout":"","theme-transparent-header-meta":"","adv-header-id-meta":"","stick-header-meta":"","header-above-stick-meta":"","header-main-stick-meta":"","header-below-stick-meta":""},"_links":{"self":[{"href":"https:\/\/www.f\u00f6rderverein-h\u00fctten.de\/index.php?rest_route=\/wp\/v2\/pages\/36"}],"collection":[{"href":"https:\/\/www.f\u00f6rderverein-h\u00fctten.de\/index.php?rest_route=\/wp\/v2\/pages"}],"about":[{"href":"https:\/\/www.f\u00f6rderverein-h\u00fctten.de\/index.php?rest_route=\/wp\/v2\/types\/page"}],"author":[{"embeddable":true,"href":"https:\/\/www.f\u00f6rderverein-h\u00fctten.de\/index.php?rest_route=\/wp\/v2\/users\/1"}],"replies":[{"embeddable":true,"href":"https:\/\/www.f\u00f6rderverein-h\u00fctten.de\/index.php?rest_route=%2Fwp%2Fv2%2Fcomments&post=36"}],"version-history":[{"count":13,"href":"https:\/\/www.f\u00f6rderverein-h\u00fctten.de\/index.php?rest_route=\/wp\/v2\/pages\/36\/revisions"}],"predecessor-version":[{"id":615,"href":"https:\/\/www.f\u00f6rderverein-h\u00fctten.de\/index.php?rest_route=\/wp\/v2\/pages\/36\/revisions\/615"}],"wp:attachment":[{"href":"https:\/\/www.f\u00f6rderverein-h\u00fctten.de\/index.php?rest_route=%2Fwp%2Fv2%2Fmedia&parent=36"}],"curies":[{"name":"wp","href":"https:\/\/api.w.org\/{rel}","templated":true}]}}