{"id":34,"date":"2023-01-23T11:04:36","date_gmt":"2023-01-23T10:04:36","guid":{"rendered":"https:\/\/www.xn--frderverein-htten-zzb0k.de\/?page_id=34"},"modified":"2023-02-10T11:08:48","modified_gmt":"2023-02-10T10:08:48","slug":"800jahrehuetten","status":"publish","type":"page","link":"https:\/\/www.f\u00f6rderverein-h\u00fctten.de\/?page_id=34","title":{"rendered":"800jahrehuetten"},"content":{"rendered":"\t\t<div data-elementor-type=\"wp-page\" data-elementor-id=\"34\" class=\"elementor elementor-34\" data-elementor-post-type=\"page\">\n\t\t\t\t\t\t\t\t\t<section class=\"elementor-section elementor-top-section elementor-element elementor-element-79022eac elementor-section-boxed elementor-section-height-default elementor-section-height-default\" data-id=\"79022eac\" data-element_type=\"section\">\n\t\t\t\t\t\t<div class=\"elementor-container elementor-column-gap-default\">\n\t\t\t\t\t<div class=\"elementor-column elementor-col-100 elementor-top-column elementor-element elementor-element-5717f99e\" data-id=\"5717f99e\" data-element_type=\"column\">\n\t\t\t<div class=\"elementor-widget-wrap elementor-element-populated\">\n\t\t\t\t\t\t\t\t<div class=\"elementor-element elementor-element-788747f8 elementor-widget elementor-widget-heading\" data-id=\"788747f8\" data-element_type=\"widget\" data-widget_type=\"heading.default\">\n\t\t\t\t<div class=\"elementor-widget-container\">\n\t\t\t<style>\/*! elementor - v3.14.0 - 26-06-2023 *\/\n.elementor-heading-title{padding:0;margin:0;line-height:1}.elementor-widget-heading .elementor-heading-title[class*=elementor-size-]>a{color:inherit;font-size:inherit;line-height:inherit}.elementor-widget-heading .elementor-heading-title.elementor-size-small{font-size:15px}.elementor-widget-heading .elementor-heading-title.elementor-size-medium{font-size:19px}.elementor-widget-heading .elementor-heading-title.elementor-size-large{font-size:29px}.elementor-widget-heading .elementor-heading-title.elementor-size-xl{font-size:39px}.elementor-widget-heading .elementor-heading-title.elementor-size-xxl{font-size:59px}<\/style><h2 class=\"elementor-heading-title elementor-size-default\">800 Jahre H\u00fctten<\/h2>\t\t<\/div>\n\t\t\t\t<\/div>\n\t\t\t\t<div class=\"elementor-element elementor-element-7cfba82f elementor-widget elementor-widget-text-editor\" data-id=\"7cfba82f\" data-element_type=\"widget\" data-widget_type=\"text-editor.default\">\n\t\t\t\t<div class=\"elementor-widget-container\">\n\t\t\t<style>\/*! elementor - v3.14.0 - 26-06-2023 *\/\n.elementor-widget-text-editor.elementor-drop-cap-view-stacked .elementor-drop-cap{background-color:#69727d;color:#fff}.elementor-widget-text-editor.elementor-drop-cap-view-framed .elementor-drop-cap{color:#69727d;border:3px solid;background-color:transparent}.elementor-widget-text-editor:not(.elementor-drop-cap-view-default) .elementor-drop-cap{margin-top:8px}.elementor-widget-text-editor:not(.elementor-drop-cap-view-default) .elementor-drop-cap-letter{width:1em;height:1em}.elementor-widget-text-editor .elementor-drop-cap{float:left;text-align:center;line-height:1;font-size:50px}.elementor-widget-text-editor .elementor-drop-cap-letter{display:inline-block}<\/style>\t\t\t\t<p>Die Ortschaft H\u00fctten feierte am 11. September 2016 Ihr 800 j\u00e4hriges Bestehen.<br \/>Die gesamte Einwohnerschaft, so wie die \u00f6rtlichen Vereinen boten ein umfangreiches Programm.<br \/>Unter der Schirmherrschaft von Herrn B\u00fcrgermeister Ulrich Ruckh kamen viele Besucher,<br \/>beim herrlichem Wetter war es ein gelungenes Fest.<\/p><p>Der Kultur und Heimatverein hatte schon im Vorfeld das Dorfhaus renoviert und auf Hochglanz gebracht.<\/p><p>Im ehemaligen Schulhaus wurde eine Ausstellung \u00fcber die Chronik und Geschichte von H\u00fctten pr\u00e4sentiert.<\/p>\t\t\t\t\t\t<\/div>\n\t\t\t\t<\/div>\n\t\t\t\t\t<\/div>\n\t\t<\/div>\n\t\t\t\t\t\t\t<\/div>\n\t\t<\/section>\n\t\t\t\t<section class=\"elementor-section elementor-top-section elementor-element elementor-element-1f5ff689 elementor-section-boxed elementor-section-height-default elementor-section-height-default\" data-id=\"1f5ff689\" data-element_type=\"section\">\n\t\t\t\t\t\t<div class=\"elementor-container elementor-column-gap-default\">\n\t\t\t\t\t<div class=\"elementor-column elementor-col-100 elementor-top-column elementor-element elementor-element-6ecd4664\" data-id=\"6ecd4664\" data-element_type=\"column\">\n\t\t\t<div class=\"elementor-widget-wrap elementor-element-populated\">\n\t\t\t\t\t\t\t\t<div class=\"elementor-element elementor-element-15db65f elementor-widget elementor-widget-image\" data-id=\"15db65f\" data-element_type=\"widget\" data-widget_type=\"image.default\">\n\t\t\t\t<div class=\"elementor-widget-container\">\n\t\t\t<style>\/*! elementor - v3.14.0 - 26-06-2023 *\/\n.elementor-widget-image{text-align:center}.elementor-widget-image a{display:inline-block}.elementor-widget-image a img[src$=\".svg\"]{width:48px}.elementor-widget-image img{vertical-align:middle;display:inline-block}<\/style>\t\t\t\t\t\t\t\t\t\t\t\t<img decoding=\"async\" width=\"697\" height=\"1024\" src=\"https:\/\/www.xn--frderverein-htten-zzb0k.de\/wp-content\/uploads\/2023\/02\/fest1-697x1024.jpg\" class=\"attachment-large size-large wp-image-492\" alt=\"\" loading=\"lazy\" srcset=\"https:\/\/www.xn--frderverein-htten-zzb0k.de\/wp-content\/uploads\/2023\/02\/fest1-697x1024.jpg 697w, https:\/\/www.xn--frderverein-htten-zzb0k.de\/wp-content\/uploads\/2023\/02\/fest1-204x300.jpg 204w, https:\/\/www.xn--frderverein-htten-zzb0k.de\/wp-content\/uploads\/2023\/02\/fest1-768x1129.jpg 768w, https:\/\/www.xn--frderverein-htten-zzb0k.de\/wp-content\/uploads\/2023\/02\/fest1.jpg 798w\" sizes=\"(max-width: 697px) 100vw, 697px\" \/>\t\t\t\t\t\t\t\t\t\t\t\t\t\t\t<\/div>\n\t\t\t\t<\/div>\n\t\t\t\t\t<\/div>\n\t\t<\/div>\n\t\t\t\t\t\t\t<\/div>\n\t\t<\/section>\n\t\t\t\t<section class=\"elementor-section elementor-top-section elementor-element elementor-element-37694a6 elementor-section-boxed elementor-section-height-default elementor-section-height-default\" data-id=\"37694a6\" data-element_type=\"section\">\n\t\t\t\t\t\t<div class=\"elementor-container elementor-column-gap-no\">\n\t\t\t\t\t<div class=\"elementor-column elementor-col-100 elementor-top-column elementor-element elementor-element-1ee98a9\" data-id=\"1ee98a9\" data-element_type=\"column\">\n\t\t\t<div class=\"elementor-widget-wrap elementor-element-populated\">\n\t\t\t\t\t\t\t\t<div class=\"elementor-element elementor-element-2d3a2f0 elementor-widget elementor-widget-image\" data-id=\"2d3a2f0\" data-element_type=\"widget\" data-widget_type=\"image.default\">\n\t\t\t\t<div class=\"elementor-widget-container\">\n\t\t\t\t\t\t\t\t\t\t\t\t\t\t\t<img decoding=\"async\" width=\"803\" height=\"1668\" src=\"https:\/\/www.xn--frderverein-htten-zzb0k.de\/wp-content\/uploads\/2023\/02\/fest2.jpg\" class=\"attachment-full size-full wp-image-493\" alt=\"\" loading=\"lazy\" srcset=\"https:\/\/www.xn--frderverein-htten-zzb0k.de\/wp-content\/uploads\/2023\/02\/fest2.jpg 803w, https:\/\/www.xn--frderverein-htten-zzb0k.de\/wp-content\/uploads\/2023\/02\/fest2-144x300.jpg 144w, https:\/\/www.xn--frderverein-htten-zzb0k.de\/wp-content\/uploads\/2023\/02\/fest2-493x1024.jpg 493w, https:\/\/www.xn--frderverein-htten-zzb0k.de\/wp-content\/uploads\/2023\/02\/fest2-768x1595.jpg 768w, https:\/\/www.xn--frderverein-htten-zzb0k.de\/wp-content\/uploads\/2023\/02\/fest2-739x1536.jpg 739w\" sizes=\"(max-width: 803px) 100vw, 803px\" \/>\t\t\t\t\t\t\t\t\t\t\t\t\t\t\t<\/div>\n\t\t\t\t<\/div>\n\t\t\t\t<div class=\"elementor-element elementor-element-ce61090 elementor-widget elementor-widget-image\" data-id=\"ce61090\" data-element_type=\"widget\" data-widget_type=\"image.default\">\n\t\t\t\t<div class=\"elementor-widget-container\">\n\t\t\t\t\t\t\t\t\t\t\t\t\t\t\t<img decoding=\"async\" width=\"708\" height=\"2560\" src=\"https:\/\/www.xn--frderverein-htten-zzb0k.de\/wp-content\/uploads\/2023\/02\/fest3-scaled.jpg\" class=\"attachment-full size-full wp-image-494\" alt=\"\" loading=\"lazy\" srcset=\"https:\/\/www.xn--frderverein-htten-zzb0k.de\/wp-content\/uploads\/2023\/02\/fest3-scaled.jpg 708w, https:\/\/www.xn--frderverein-htten-zzb0k.de\/wp-content\/uploads\/2023\/02\/fest3-83x300.jpg 83w, https:\/\/www.xn--frderverein-htten-zzb0k.de\/wp-content\/uploads\/2023\/02\/fest3-283x1024.jpg 283w, https:\/\/www.xn--frderverein-htten-zzb0k.de\/wp-content\/uploads\/2023\/02\/fest3-768x2778.jpg 768w, https:\/\/www.xn--frderverein-htten-zzb0k.de\/wp-content\/uploads\/2023\/02\/fest3-425x1536.jpg 425w, https:\/\/www.xn--frderverein-htten-zzb0k.de\/wp-content\/uploads\/2023\/02\/fest3-566x2048.jpg 566w\" sizes=\"(max-width: 708px) 100vw, 708px\" \/>\t\t\t\t\t\t\t\t\t\t\t\t\t\t\t<\/div>\n\t\t\t\t<\/div>\n\t\t\t\t\t<\/div>\n\t\t<\/div>\n\t\t\t\t\t\t\t<\/div>\n\t\t<\/section>\n\t\t\t\t\t\t\t<\/div>\n\t\t","protected":false},"excerpt":{"rendered":"<p>800 Jahre H\u00fctten Die Ortschaft H\u00fctten feierte am 11. September 2016 Ihr 800 j\u00e4hriges Bestehen.Die gesamte Einwohnerschaft, so wie die \u00f6rtlichen Vereinen boten ein umfangreiches Programm.Unter der Schirmherrschaft von Herrn B\u00fcrgermeister Ulrich Ruckh kamen viele Besucher,beim herrlichem Wetter war es ein gelungenes Fest. Der Kultur und Heimatverein hatte schon im Vorfeld das Dorfhaus renoviert und &hellip;<\/p>\n<p class=\"read-more\"> <a class=\"\" href=\"https:\/\/www.f\u00f6rderverein-h\u00fctten.de\/?page_id=34\"> <span class=\"screen-reader-text\">800jahrehuetten<\/span> Weiterlesen &raquo;<\/a><\/p>\n","protected":false},"author":1,"featured_media":0,"parent":0,"menu_order":0,"comment_status":"closed","ping_status":"closed","template":"","meta":{"site-sidebar-layout":"no-sidebar","site-content-layout":"page-builder","ast-global-header-display":"","ast-main-header-display":"","ast-hfb-above-header-display":"","ast-hfb-below-header-display":"","ast-hfb-mobile-header-display":"","site-post-title":"disabled","ast-breadcrumbs-content":"","ast-featured-img":"disabled","footer-sml-layout":"","theme-transparent-header-meta":"","adv-header-id-meta":"","stick-header-meta":"","header-above-stick-meta":"","header-main-stick-meta":"","header-below-stick-meta":""},"_links":{"self":[{"href":"https:\/\/www.f\u00f6rderverein-h\u00fctten.de\/index.php?rest_route=\/wp\/v2\/pages\/34"}],"collection":[{"href":"https:\/\/www.f\u00f6rderverein-h\u00fctten.de\/index.php?rest_route=\/wp\/v2\/pages"}],"about":[{"href":"https:\/\/www.f\u00f6rderverein-h\u00fctten.de\/index.php?rest_route=\/wp\/v2\/types\/page"}],"author":[{"embeddable":true,"href":"https:\/\/www.f\u00f6rderverein-h\u00fctten.de\/index.php?rest_route=\/wp\/v2\/users\/1"}],"replies":[{"embeddable":true,"href":"https:\/\/www.f\u00f6rderverein-h\u00fctten.de\/index.php?rest_route=%2Fwp%2Fv2%2Fcomments&post=34"}],"version-history":[{"count":16,"href":"https:\/\/www.f\u00f6rderverein-h\u00fctten.de\/index.php?rest_route=\/wp\/v2\/pages\/34\/revisions"}],"predecessor-version":[{"id":537,"href":"https:\/\/www.f\u00f6rderverein-h\u00fctten.de\/index.php?rest_route=\/wp\/v2\/pages\/34\/revisions\/537"}],"wp:attachment":[{"href":"https:\/\/www.f\u00f6rderverein-h\u00fctten.de\/index.php?rest_route=%2Fwp%2Fv2%2Fmedia&parent=34"}],"curies":[{"name":"wp","href":"https:\/\/api.w.org\/{rel}","templated":true}]}}